{"id":249,"date":"2009-05-12T13:40:48","date_gmt":"2009-05-12T18:40:48","guid":{"rendered":"http:\/\/groschars.com\/?page_id=249"},"modified":"2009-05-19T21:24:00","modified_gmt":"2009-05-20T02:24:00","slug":"problemes-techniques","status":"publish","type":"page","link":"http:\/\/www.barraclou.com\/groschars\/problemes-techniques\/","title":{"rendered":"Probl\u00e8mes techniques?"},"content":{"rendered":"<p>G\u00e9n\u00e9ralement, ces deux \u00e9tapes arrivent \u00e0 r\u00e9soudre la plupart des probl\u00e8mes techniques.<\/p>\n<p>1- Faites \u00ab\u00a0<strong>actualiser \/ refresh<\/strong>\u00a0\u00bb sur la page souhait\u00e9e \u00e0 l&rsquo;aide de votre navigateur Web.<\/p>\n<p>2- La <strong>m\u00e9moire cache<\/strong> est une m\u00e9moire temporaire dans laquelle votre navigateur Web (ex.: Microsoft Internet Explorer et Firefox) conserve localement les renseignements que vous avez consult\u00e9s durant une session. Lorsque vous rappelez ces renseignements, le navigateur les extrait de cette m\u00e9moire plut\u00f4t que de leur site d&rsquo;origine. La m\u00e9moire cache permet ainsi d&rsquo;augmenter la rapidit\u00e9 d&rsquo;affichage des renseignements que vous consultez au fil de votre navigation.<\/p>\n<p><strong>Proc\u00e9dure pour vider la m\u00e9moire cache de votre navigateur<\/strong><\/p>\n<p><strong>Microsoft Internet Explorer 6.x pour Windows<\/strong><\/p>\n<p>    * Dans le menu Outils, cliquer sur Options Internet.<br \/>\n    * Cliquer sur l&rsquo;onglet G\u00e9n\u00e9ral.<br \/>\n    * Dans la section \u00ab Fichiers temporaires Internet \u00bb, cliquer sur Supprimer les fichiers.<br \/>\n    * Cliquer sur OK pour revenir au navigateur.<\/p>\n<p><strong>Microsoft Internet Explorer 7.0 pour Windows<\/strong><\/p>\n<p>    * Dans le menu Outils, cliquer sur Options Internet.<br \/>\n    * Cliquer sur l&rsquo;onglet G\u00e9n\u00e9ral.<br \/>\n    * Dans la section \u00ab Historique de navigation \u00bb, cliquer sur Supprimer&#8230;.<br \/>\n    * Dans la fen\u00eatre qui appara\u00eet, cliquer sur Supprimer les fichiers dans la section \u00ab Fichiers Internet temporaires \u00bb.<br \/>\n    * Cliquer sur OK pour revenir au navigateur.<\/p>\n<p><strong>Mozilla Firefox 1.5 et plus<\/strong><\/p>\n<p>    * Dans le menu Outils, s\u00e9lectionner Effacer mes traces.<br \/>\n    * Cocher la bo\u00eete Cache.<br \/>\n    * Cliquer sur Effacer mes traces maintenant.<\/p>\n<p><strong>Opera 9.64 et plus<\/strong><br \/>\n    * Dans le menu Outils, s\u00e9lectionner Pr\u00e9f\u00e9rences (CTRL + F12)<br \/>\n    * Choisir le menu Historique du signet Avanc\u00e9<br \/>\n    * Cliquer sur Vider<\/p>\n<p><strong>Safari 1.3.2 et plus<\/strong><\/p>\n<p>    * Choisir l&rsquo;option Vider le cache du menu Safari.<br \/>\n    * Cliquer sur Vider.<\/p>\n<p>Toutefois, des <strong>probl\u00e8mes sp\u00e9cifiques \u00e0 un navigateur ou une version pr\u00e9cise de celui-ci<\/strong> peuvent se produit \u00e0 l&rsquo;occasion. A part, le retour vers une version ant\u00e9rieur \u00e0 la mise \u00e0 jour du navigateur probl\u00e9matique, le signalement du bug aux d\u00e9veloppeurs du navigateur, l&rsquo;attente d&rsquo;une version corrig\u00e9e du programme ou l&rsquo;utilisation d&rsquo;un concurrent, il n&rsquo;y a pas grand chose \u00e0 faire, puisqu&rsquo;il s&rsquo;agit d&rsquo;un probl\u00e8me hors de notre contr\u00f4le. Il n&rsquo;est pas recommand\u00e9 d&rsquo;utiliser des versions-tests (versions b\u00eata), car elles sont justement des versions d&rsquo;essai de la part des programmateurs du navigateur pour trouver des possibles \u00ab\u00a0bugs\u00a0\u00bb avant la publication de la version officielle.<\/p>\n<p><strong>Avis aux utilisateurs d&rsquo;Internet Explorer 6<\/strong><\/p>\n<p>Il a \u00e9t\u00e9 mis \u00e0 notre information que des probl\u00e8mes de visualisation du site (ex: colonne de droite et bas de page disparus) peuvent survenir en naviguant avec Microsoft Internet Explorer 6. Le probl\u00e8me n&rsquo;est pas de notre c\u00f4t\u00e9, mais avec Internet Explorer. Celui-ci ne respecte pas les normes \u00e9tablies de (X)HTML et de CSS, puis reconnue en programmation. Pour savoir, si vous avez IE 6, il suffit d&rsquo;aller \u00ab\u00a0A propos d&rsquo;Internet Explorer\u00a0\u00bb dans le menu \u00ab\u00a0? (Aide)\u00a0\u00bb.<\/p>\n<p>Corriger ce probl\u00e8me risque de cr\u00e9er fort probablement des ennuis \u00e0 la grande majorit\u00e9 d&rsquo;utilisateurs ayant un navigateur donnant un rendu conforme du code. Selon les statistiques de W3Schools, l&rsquo;utilisation d&rsquo;IE 6 est pass\u00e9 en deux ans de 60% \u00e0 15% du march\u00e9, car la vision 6 est d\u00e9su\u00e8te de deux g\u00e9n\u00e9rations (l&rsquo;actuelle est IE 8). <\/p>\n<p>Il est recommand\u00e9 de faire ses mises \u00e0 jour pour \u00e9viter le probl\u00e8me que vous pouvez avoir ici et sur d&rsquo;autres sites, mais pour simplement de bloquer les failles causant des risques (virus, chevaux de troie&#8230;). Pour votre propre bien, on recommande fortement de faire vos mises \u00e0 jour peu importe le navigateur utilis\u00e9, car avoir le meilleur anti-virus du monde ne replacera jamais la protection d&rsquo;un logiciel mis \u00e0 jour.<\/p>\n<p><a href=\"http:\/\/www.microsoft.com\/windows\/downloads\/ie\/getitnow.mspx\">Internet Explorer: http:\/\/www.microsoft.com\/windows\/downloads\/ie\/getitnow.mspx<\/a><br \/>\n<a href=\"http:\/\/www.mozilla.com\/firefox\/\">Firefox: http:\/\/www.mozilla.com\/firefox<\/a><br \/>\n<a href=\"http:\/\/www.opera.com\/download\/\">Opera (notre pr\u00e9f\u00e9r\u00e9): http:\/\/www.opera.com\/download<\/a><\/p>\n<p><em>Source &#8211; proc\u00e9dure pour vider la m\u00e9moire cache: <a href=\"http:\/\/www.desjardins.com\/fr\/a_propos\/profil\/securite_en_ligne\/vous_proteger\/vider_memoire_cache.jsp\">Desjardins<\/a><\/em><\/p>\n","protected":false},"excerpt":{"rendered":"<p>G\u00e9n\u00e9ralement, ces deux \u00e9tapes arrivent \u00e0 r\u00e9soudre la plupart des probl\u00e8mes techniques. 1- Faites \u00ab\u00a0actualiser \/ refresh\u00a0\u00bb sur la page souhait\u00e9e \u00e0 l&rsquo;aide de votre navigateur Web. 2- La m\u00e9moire cache est une m\u00e9moire temporaire dans laquelle votre navigateur Web (ex.: Microsoft Internet Explorer et Firefox) conserve localement les renseignements que vous avez consult\u00e9s durant &hellip; <a href=\"http:\/\/www.barraclou.com\/groschars\/problemes-techniques\/\" class=\"more-link\">Continuer la lecture de <span class=\"screen-reader-text\">Probl\u00e8mes techniques?<\/span>  <span class=\"meta-nav\">&rarr;<\/span><\/a><\/p>\n","protected":false},"author":2,"featured_media":0,"parent":0,"menu_order":0,"comment_status":"open","ping_status":"open","template":"","meta":{"footnotes":""},"class_list":["post-249","page","type-page","status-publish","hentry"],"_links":{"self":[{"href":"http:\/\/www.barraclou.com\/groschars\/wp-json\/wp\/v2\/pages\/249","targetHints":{"allow":["GET"]}}],"collection":[{"href":"http:\/\/www.barraclou.com\/groschars\/wp-json\/wp\/v2\/pages"}],"about":[{"href":"http:\/\/www.barraclou.com\/groschars\/wp-json\/wp\/v2\/types\/page"}],"author":[{"embeddable":true,"href":"http:\/\/www.barraclou.com\/groschars\/wp-json\/wp\/v2\/users\/2"}],"replies":[{"embeddable":true,"href":"http:\/\/www.barraclou.com\/groschars\/wp-json\/wp\/v2\/comments?post=249"}],"version-history":[{"count":0,"href":"http:\/\/www.barraclou.com\/groschars\/wp-json\/wp\/v2\/pages\/249\/revisions"}],"wp:attachment":[{"href":"http:\/\/www.barraclou.com\/groschars\/wp-json\/wp\/v2\/media?parent=249"}],"curies":[{"name":"wp","href":"https:\/\/api.w.org\/{rel}","templated":true}]}}