{"id":2,"date":"2007-10-21T07:49:26","date_gmt":"2007-10-21T14:49:26","guid":{"rendered":""},"modified":"2014-01-10T16:37:31","modified_gmt":"2014-01-10T20:37:31","slug":"about","status":"publish","type":"page","link":"http:\/\/www.barraclou.com\/groschars\/about\/","title":{"rendered":"A propos &#8211; Nous joindre"},"content":{"rendered":"<p>Merci de visiter GrosChars.com .<\/p>\n<p>Vous pouvez poster vos commentaires sur les sujets couverts en vous inscrivant <a href=\"http:\/\/groschars.com\/wp-login.php?action=register\">ici<\/a>, puis en utilisant la section \u00ab\u00a0commentaires\u00a0\u00bb sous chaque article publi\u00e9.<\/p>\n<p>Pour toute autre question ou demande, vous pouvez joindre Jean-Fran\u00e7ois Brulotte, r\u00e9dacteur en chef de GrosChars.com, par courriel \u00e0 <img decoding=\"async\" src=\"http:\/\/www.barraclou.com\/email.jpg\"><\/p>\n<p><a href=\"http:\/\/validator.w3.org\/check?uri=referer\"><img loading=\"lazy\" decoding=\"async\" src=\"http:\/\/www.w3.org\/Icons\/valid-xhtml10\" alt=\"Valid XHTML 1.0 Transitional\" height=\"31\" width=\"88\" \/><\/a><\/p>\n<p><a href=\"http:\/\/www.barraclou.com\/tos.html\">Termes et conditions &#8211; Vie priv\u00e9e<\/a><\/p>\n","protected":false},"excerpt":{"rendered":"<p>Merci de visiter GrosChars.com . Vous pouvez poster vos commentaires sur les sujets couverts en vous inscrivant ici, puis en utilisant la section \u00ab\u00a0commentaires\u00a0\u00bb sous chaque article publi\u00e9. Pour toute autre question ou demande, vous pouvez joindre Jean-Fran\u00e7ois Brulotte, r\u00e9dacteur en chef de GrosChars.com, par courriel \u00e0 Termes et conditions &#8211; Vie priv\u00e9e<\/p>\n","protected":false},"author":2,"featured_media":0,"parent":0,"menu_order":0,"comment_status":"open","ping_status":"open","template":"","meta":{"footnotes":""},"class_list":["post-2","page","type-page","status-publish","hentry"],"_links":{"self":[{"href":"http:\/\/www.barraclou.com\/groschars\/wp-json\/wp\/v2\/pages\/2","targetHints":{"allow":["GET"]}}],"collection":[{"href":"http:\/\/www.barraclou.com\/groschars\/wp-json\/wp\/v2\/pages"}],"about":[{"href":"http:\/\/www.barraclou.com\/groschars\/wp-json\/wp\/v2\/types\/page"}],"author":[{"embeddable":true,"href":"http:\/\/www.barraclou.com\/groschars\/wp-json\/wp\/v2\/users\/2"}],"replies":[{"embeddable":true,"href":"http:\/\/www.barraclou.com\/groschars\/wp-json\/wp\/v2\/comments?post=2"}],"version-history":[{"count":3,"href":"http:\/\/www.barraclou.com\/groschars\/wp-json\/wp\/v2\/pages\/2\/revisions"}],"predecessor-version":[{"id":1069,"href":"http:\/\/www.barraclou.com\/groschars\/wp-json\/wp\/v2\/pages\/2\/revisions\/1069"}],"wp:attachment":[{"href":"http:\/\/www.barraclou.com\/groschars\/wp-json\/wp\/v2\/media?parent=2"}],"curies":[{"name":"wp","href":"https:\/\/api.w.org\/{rel}","templated":true}]}}